{"id":10869,"date":"2023-09-14T16:03:30","date_gmt":"2023-09-14T20:03:30","guid":{"rendered":"https:\/\/tableaudhote.ca\/dons\/"},"modified":"2023-09-14T16:03:32","modified_gmt":"2023-09-14T20:03:32","slug":"dons","status":"publish","type":"page","link":"https:\/\/tableaudhote.ca\/fr\/dons\/","title":{"rendered":"Dons"},"content":{"rendered":"<p>[et_pb_section fb_built=\u00a0\u00bb1&Prime; admin_label=\u00a0\u00bbsection\u00a0\u00bb _builder_version=\u00a0\u00bb3.22&Prime;][et_pb_row _builder_version=\u00a0\u00bb3.25&Prime; background_size=\u00a0\u00bbinitial\u00a0\u00bb background_position=\u00a0\u00bbtop_left\u00a0\u00bb background_repeat=\u00a0\u00bbrepeat\u00a0\u00bb][et_pb_column type=\u00a0\u00bb4_4&Prime; _builder_version=\u00a0\u00bb3.0.47&Prime; custom_padding=\u00a0\u00bb|||\u00a0\u00bb custom_padding__hover=\u00a0\u00bb|||\u00a0\u00bb][et_pb_text _builder_version=\u00a0\u00bb4.9.4&Prime; background_size=\u00a0\u00bbinitial\u00a0\u00bb background_position=\u00a0\u00bbtop_left\u00a0\u00bb background_repeat=\u00a0\u00bbrepeat\u00a0\u00bb hover_enabled=\u00a0\u00bb0&Prime; use_border_color=\u00a0\u00bboff\u00a0\u00bb border_color=\u00a0\u00bb#ffffff\u00a0\u00bb border_style=\u00a0\u00bbsolid\u00a0\u00bb sticky_enabled=\u00a0\u00bb0&Prime;]<\/p>\n<h2 style=\"text-align: center;\">Contribuez au d\u00e9veloppement et au succ\u00e8s du Th\u00e9\u00e2tre Tableau D&rsquo;H\u00f4te<\/h2>\n<p>[\/et_pb_text][\/et_pb_column][\/et_pb_row][et_pb_row admin_label=\u00a0\u00bbrang\u00e9e\u00a0\u00bb _builder_version=\u00a0\u00bb3.25&Prime; background_size=\u00a0\u00bbinitial\u00a0\u00bb background_position=\u00a0\u00bbtop_left\u00a0\u00bb background_repeat=\u00a0\u00bbrepeat\u00a0\u00bb column_structure=\u00a0\u00bb1_2,1_2&Prime;][et_pb_column type=\u00a0\u00bb1_2&Prime; _builder_version=\u00a0\u00bb3.0.47&Prime; custom_padding=\u00a0\u00bb|||\u00a0\u00bb custom_padding__hover=\u00a0\u00bb|||\u00a0\u00bb][et_pb_text _builder_version=\u00a0\u00bb4.9.4&Prime; background_size=\u00a0\u00bbinitial\u00a0\u00bb background_position=\u00a0\u00bbtop_left\u00a0\u00bb background_repeat=\u00a0\u00bbrepeat\u00a0\u00bb hover_enabled=\u00a0\u00bb0&Prime; use_border_color=\u00a0\u00bboff\u00a0\u00bb border_color=\u00a0\u00bb#ffffff\u00a0\u00bb border_style=\u00a0\u00bbsolid\u00a0\u00bb sticky_enabled=\u00a0\u00bb0&Prime;]<\/p>\n<p>Depuis maintenant plus de 15 ans, le Th\u00e9\u00e2tre Tableau D&rsquo;H\u00f4te produit du th\u00e9\u00e2tre acclam\u00e9 aux publics montr\u00e9alais. Des centaines d&rsquo;artistes peuvent collaborer avec la compagnie sur plus d&rsquo;une quarantaine de projet.<\/p>\n<p>Comme th\u00e9\u00e2tre ind\u00e9pendant, Tableau D&rsquo;H\u00f4te compte sur votre appui afin de continuer \u00e0 produire du th\u00e9\u00e2tre innovateur.\u00a0<\/p>\n<h3>Contribuez \u00e0 l&rsquo;exp\u00e9rience 10&#215;100<\/h3>\n<p>&nbsp;<\/p>\n<h3>Soyez un des 100 premiers amoureux de th\u00e9\u00e2tre \u00e0 contribuer 10$\/mois en appui au th\u00e9\u00e2tre canadien.\u00a0<\/h3>\n<p>[\/et_pb_text][\/et_pb_column][et_pb_column type=\u00a0\u00bb1_2&Prime; _builder_version=\u00a0\u00bb3.0.47&Prime; custom_padding=\u00a0\u00bb|||\u00a0\u00bb custom_padding__hover=\u00a0\u00bb|||\u00a0\u00bb][et_pb_image src=\u00a0\u00bbhttps:\/\/tableaudhote.ca\/wp-content\/uploads\/2019\/10\/2019_blackout_TDHT.jpg\u00a0\u00bb align_tablet=\u00a0\u00bbcenter\u00a0\u00bb align_phone=\u00a0\u00bb\u00a0\u00bb align_last_edited=\u00a0\u00bbon|desktop\u00a0\u00bb _builder_version=\u00a0\u00bb3.28&Prime; animation_style=\u00a0\u00bbslide\u00a0\u00bb animation_direction=\u00a0\u00bbleft\u00a0\u00bb animation_duration=\u00a0\u00bb500ms\u00a0\u00bb animation_intensity_slide=\u00a0\u00bb10%\u00a0\u00bb z_index_tablet=\u00a0\u00bb500&Prime; box_shadow_horizontal_tablet=\u00a0\u00bb0px\u00a0\u00bb box_shadow_vertical_tablet=\u00a0\u00bb0px\u00a0\u00bb box_shadow_blur_tablet=\u00a0\u00bb40px\u00a0\u00bb box_shadow_spread_tablet=\u00a0\u00bb0px\u00a0\u00bb use_border_color=\u00a0\u00bboff\u00a0\u00bb]<br \/>\n[\/et_pb_image][\/et_pb_column][\/et_pb_row][et_pb_row _builder_version=\u00a0\u00bb3.25&Prime; background_size=\u00a0\u00bbinitial\u00a0\u00bb background_position=\u00a0\u00bbtop_left\u00a0\u00bb background_repeat=\u00a0\u00bbrepeat\u00a0\u00bb][et_pb_column type=\u00a0\u00bb4_4&Prime; _builder_version=\u00a0\u00bb3.0.47&Prime; custom_padding=\u00a0\u00bb|||\u00a0\u00bb custom_padding__hover=\u00a0\u00bb|||\u00a0\u00bb][et_pb_text _builder_version=\u00a0\u00bb3.27.4&Prime; background_size=\u00a0\u00bbinitial\u00a0\u00bb background_position=\u00a0\u00bbtop_left\u00a0\u00bb background_repeat=\u00a0\u00bbrepeat\u00a0\u00bb use_border_color=\u00a0\u00bboff\u00a0\u00bb border_color=\u00a0\u00bb#ffffff\u00a0\u00bb border_style=\u00a0\u00bbsolid\u00a0\u00bb]<\/p>\n<hr \/>\n<p>[\/et_pb_text][\/et_pb_column][\/et_pb_row][\/et_pb_section][et_pb_section fb_built=\u00a0\u00bb1&Prime; custom_padding_last_edited=\u00a0\u00bbon|desktop\u00a0\u00bb _builder_version=\u00a0\u00bb3.22&Prime; custom_padding_tablet=\u00a0\u00bb50px|0|50px|0&Prime; custom_padding_phone=\u00a0\u00bb\u00a0\u00bb transparent_background=\u00a0\u00bboff\u00a0\u00bb padding_mobile=\u00a0\u00bboff\u00a0\u00bb][et_pb_row _builder_version=\u00a0\u00bb3.25&Prime; background_size=\u00a0\u00bbinitial\u00a0\u00bb background_position=\u00a0\u00bbtop_left\u00a0\u00bb background_repeat=\u00a0\u00bbrepeat\u00a0\u00bb column_structure=\u00a0\u00bb1_2,1_2&Prime;][et_pb_column type=\u00a0\u00bb1_2&Prime; _builder_version=\u00a0\u00bb3.0.47&Prime; custom_padding=\u00a0\u00bb|||\u00a0\u00bb custom_padding__hover=\u00a0\u00bb|||\u00a0\u00bb][et_pb_text _builder_version=\u00a0\u00bb3.28&Prime; background_size=\u00a0\u00bbinitial\u00a0\u00bb background_position=\u00a0\u00bbtop_left\u00a0\u00bb background_repeat=\u00a0\u00bbrepeat\u00a0\u00bb z_index_tablet=\u00a0\u00bb500&Prime; text_text_shadow_horizontal_length_tablet=\u00a0\u00bb0px\u00a0\u00bb text_text_shadow_vertical_length_tablet=\u00a0\u00bb0px\u00a0\u00bb text_text_shadow_blur_strength_tablet=\u00a0\u00bb1px\u00a0\u00bb link_text_shadow_horizontal_length_tablet=\u00a0\u00bb0px\u00a0\u00bb link_text_shadow_vertical_length_tablet=\u00a0\u00bb0px\u00a0\u00bb link_text_shadow_blur_strength_tablet=\u00a0\u00bb1px\u00a0\u00bb ul_text_shadow_horizontal_length_tablet=\u00a0\u00bb0px\u00a0\u00bb ul_text_shadow_vertical_length_tablet=\u00a0\u00bb0px\u00a0\u00bb ul_text_shadow_blur_strength_tablet=\u00a0\u00bb1px\u00a0\u00bb ol_text_shadow_horizontal_length_tablet=\u00a0\u00bb0px\u00a0\u00bb ol_text_shadow_vertical_length_tablet=\u00a0\u00bb0px\u00a0\u00bb ol_text_shadow_blur_strength_tablet=\u00a0\u00bb1px\u00a0\u00bb quote_text_shadow_horizontal_length_tablet=\u00a0\u00bb0px\u00a0\u00bb quote_text_shadow_vertical_length_tablet=\u00a0\u00bb0px\u00a0\u00bb quote_text_shadow_blur_strength_tablet=\u00a0\u00bb1px\u00a0\u00bb header_text_shadow_horizontal_length_tablet=\u00a0\u00bb0px\u00a0\u00bb header_text_shadow_vertical_length_tablet=\u00a0\u00bb0px\u00a0\u00bb header_text_shadow_blur_strength_tablet=\u00a0\u00bb1px\u00a0\u00bb header_2_text_shadow_horizontal_length_tablet=\u00a0\u00bb0px\u00a0\u00bb header_2_text_shadow_vertical_length_tablet=\u00a0\u00bb0px\u00a0\u00bb header_2_text_shadow_blur_strength_tablet=\u00a0\u00bb1px\u00a0\u00bb header_3_text_shadow_horizontal_length_tablet=\u00a0\u00bb0px\u00a0\u00bb header_3_text_shadow_vertical_length_tablet=\u00a0\u00bb0px\u00a0\u00bb header_3_text_shadow_blur_strength_tablet=\u00a0\u00bb1px\u00a0\u00bb header_4_text_shadow_horizontal_length_tablet=\u00a0\u00bb0px\u00a0\u00bb header_4_text_shadow_vertical_length_tablet=\u00a0\u00bb0px\u00a0\u00bb header_4_text_shadow_blur_strength_tablet=\u00a0\u00bb1px\u00a0\u00bb header_5_text_shadow_horizontal_length_tablet=\u00a0\u00bb0px\u00a0\u00bb header_5_text_shadow_vertical_length_tablet=\u00a0\u00bb0px\u00a0\u00bb header_5_text_shadow_blur_strength_tablet=\u00a0\u00bb1px\u00a0\u00bb header_6_text_shadow_horizontal_length_tablet=\u00a0\u00bb0px\u00a0\u00bb header_6_text_shadow_vertical_length_tablet=\u00a0\u00bb0px\u00a0\u00bb header_6_text_shadow_blur_strength_tablet=\u00a0\u00bb1px\u00a0\u00bb box_shadow_horizontal_tablet=\u00a0\u00bb0px\u00a0\u00bb box_shadow_vertical_tablet=\u00a0\u00bb0px\u00a0\u00bb box_shadow_blur_tablet=\u00a0\u00bb40px\u00a0\u00bb box_shadow_spread_tablet=\u00a0\u00bb0px\u00a0\u00bb use_border_color=\u00a0\u00bboff\u00a0\u00bb]<\/p>\n<h3>10$ ou don mensuel personnalis\u00e9<\/h3>\n<p><script src=\"https:\/\/donorbox.org\/widget.js\" paypalexpress=\"false\"><\/script><iframe style=\"max-width: 500px; min-width: 310px; max-height: none!important;\" src=\"https:\/\/donorbox.org\/embed\/10x10?default_interval=m\" name=\"donorbox\" width=\"100%\" height=\"900px\" frameborder=\"0\" scrolling=\"no\" seamless=\"seamless\"><\/iframe><\/p>\n<p>[\/et_pb_text][\/et_pb_column][et_pb_column type=\u00a0\u00bb1_2&Prime; _builder_version=\u00a0\u00bb3.0.47&Prime; custom_padding=\u00a0\u00bb|||\u00a0\u00bb custom_padding__hover=\u00a0\u00bb|||\u00a0\u00bb][et_pb_text _builder_version=\u00a0\u00bb3.28&Prime; background_size=\u00a0\u00bbinitial\u00a0\u00bb background_position=\u00a0\u00bbtop_left\u00a0\u00bb background_repeat=\u00a0\u00bbrepeat\u00a0\u00bb z_index_tablet=\u00a0\u00bb500&Prime; text_text_shadow_horizontal_length_tablet=\u00a0\u00bb0px\u00a0\u00bb text_text_shadow_vertical_length_tablet=\u00a0\u00bb0px\u00a0\u00bb text_text_shadow_blur_strength_tablet=\u00a0\u00bb1px\u00a0\u00bb link_text_shadow_horizontal_length_tablet=\u00a0\u00bb0px\u00a0\u00bb link_text_shadow_vertical_length_tablet=\u00a0\u00bb0px\u00a0\u00bb link_text_shadow_blur_strength_tablet=\u00a0\u00bb1px\u00a0\u00bb ul_text_shadow_horizontal_length_tablet=\u00a0\u00bb0px\u00a0\u00bb ul_text_shadow_vertical_length_tablet=\u00a0\u00bb0px\u00a0\u00bb ul_text_shadow_blur_strength_tablet=\u00a0\u00bb1px\u00a0\u00bb ol_text_shadow_horizontal_length_tablet=\u00a0\u00bb0px\u00a0\u00bb ol_text_shadow_vertical_length_tablet=\u00a0\u00bb0px\u00a0\u00bb ol_text_shadow_blur_strength_tablet=\u00a0\u00bb1px\u00a0\u00bb quote_text_shadow_horizontal_length_tablet=\u00a0\u00bb0px\u00a0\u00bb quote_text_shadow_vertical_length_tablet=\u00a0\u00bb0px\u00a0\u00bb quote_text_shadow_blur_strength_tablet=\u00a0\u00bb1px\u00a0\u00bb header_text_shadow_horizontal_length_tablet=\u00a0\u00bb0px\u00a0\u00bb header_text_shadow_vertical_length_tablet=\u00a0\u00bb0px\u00a0\u00bb header_text_shadow_blur_strength_tablet=\u00a0\u00bb1px\u00a0\u00bb header_2_text_shadow_horizontal_length_tablet=\u00a0\u00bb0px\u00a0\u00bb header_2_text_shadow_vertical_length_tablet=\u00a0\u00bb0px\u00a0\u00bb header_2_text_shadow_blur_strength_tablet=\u00a0\u00bb1px\u00a0\u00bb header_3_text_shadow_horizontal_length_tablet=\u00a0\u00bb0px\u00a0\u00bb header_3_text_shadow_vertical_length_tablet=\u00a0\u00bb0px\u00a0\u00bb header_3_text_shadow_blur_strength_tablet=\u00a0\u00bb1px\u00a0\u00bb header_4_text_shadow_horizontal_length_tablet=\u00a0\u00bb0px\u00a0\u00bb header_4_text_shadow_vertical_length_tablet=\u00a0\u00bb0px\u00a0\u00bb header_4_text_shadow_blur_strength_tablet=\u00a0\u00bb1px\u00a0\u00bb header_5_text_shadow_horizontal_length_tablet=\u00a0\u00bb0px\u00a0\u00bb header_5_text_shadow_vertical_length_tablet=\u00a0\u00bb0px\u00a0\u00bb header_5_text_shadow_blur_strength_tablet=\u00a0\u00bb1px\u00a0\u00bb header_6_text_shadow_horizontal_length_tablet=\u00a0\u00bb0px\u00a0\u00bb header_6_text_shadow_vertical_length_tablet=\u00a0\u00bb0px\u00a0\u00bb header_6_text_shadow_blur_strength_tablet=\u00a0\u00bb1px\u00a0\u00bb box_shadow_horizontal_tablet=\u00a0\u00bb0px\u00a0\u00bb box_shadow_vertical_tablet=\u00a0\u00bb0px\u00a0\u00bb box_shadow_blur_tablet=\u00a0\u00bb40px\u00a0\u00bb box_shadow_spread_tablet=\u00a0\u00bb0px\u00a0\u00bb use_border_color=\u00a0\u00bboff\u00a0\u00bb]<\/p>\n<h3>Don unique<\/h3>\n<p><script src=\"https:\/\/donorbox.org\/widget.js\" paypalExpress=\"false\"><\/script><iframe style=\"max-width: 500px; min-width: 310px; max-height: none!important;\" src=\"https:\/\/donorbox.org\/embed\/one-time-donation-tdht\" name=\"donorbox\" width=\"100%\" height=\"900px\" frameborder=\"0\" scrolling=\"no\" seamless=\"seamless\"><\/iframe><\/p>\n<p>[\/et_pb_text][\/et_pb_column][\/et_pb_row][\/et_pb_section]<\/p>\n","protected":false},"excerpt":{"rendered":"<p>Contribuez au d\u00e9veloppement et au succ\u00e8s du Th\u00e9\u00e2tre Tableau D&rsquo;H\u00f4teDepuis maintenant plus de 15 ans, le Th\u00e9\u00e2tre Tableau D&rsquo;H\u00f4te produit du th\u00e9\u00e2tre acclam\u00e9 aux publics montr\u00e9alais. Des centaines d&rsquo;artistes peuvent collaborer avec la compagnie sur plus d&rsquo;une quarantaine de projet.Comme th\u00e9\u00e2tre ind\u00e9pendant, Tableau D&rsquo;H\u00f4te compte sur votre appui afin de continuer \u00e0 produire du th\u00e9\u00e2tre [&hellip;]<\/p>\n","protected":false},"author":1,"featured_media":0,"parent":0,"menu_order":0,"comment_status":"closed","ping_status":"closed","template":"","meta":{"_et_pb_use_builder":"on","_et_pb_old_content":"","_et_gb_content_width":"","footnotes":""},"class_list":["post-10869","page","type-page","status-publish","hentry"],"yoast_head":"<!-- This site is optimized with the Yoast SEO plugin v26.3 - https:\/\/yoast.com\/wordpress\/plugins\/seo\/ -->\n<title>Dons - Tableau D&#039;H\u00f4te Theatre<\/title>\n<meta name=\"robots\" content=\"index, follow, max-snippet:-1, max-image-preview:large, max-video-preview:-1\" \/>\n<link rel=\"canonical\" href=\"https:\/\/tableaudhote.ca\/fr\/dons\/\" \/>\n<meta property=\"og:locale\" content=\"fr_FR\" \/>\n<meta property=\"og:type\" content=\"article\" \/>\n<meta property=\"og:title\" content=\"10 x 10 | Appuyez le Th\u00e9\u00e2tre Tableau D&#039;H\u00f4te\" \/>\n<meta property=\"og:description\" content=\"Aidez le Th\u00e9\u00e2tre Tableau D&#039;H\u00f4te \u00e0 accomplir sa mission\" \/>\n<meta property=\"og:url\" content=\"https:\/\/tableaudhote.ca\/fr\/dons\/\" \/>\n<meta property=\"og:site_name\" content=\"Tableau D&#039;H\u00f4te Theatre\" \/>\n<meta property=\"article:modified_time\" content=\"2023-09-14T20:03:32+00:00\" \/>\n<meta name=\"twitter:card\" content=\"summary_large_image\" \/>\n<meta name=\"twitter:label1\" content=\"Dur\u00e9e de lecture estim\u00e9e\" \/>\n\t<meta name=\"twitter:data1\" content=\"5 minutes\" \/>\n<script type=\"application\/ld+json\" class=\"yoast-schema-graph\">{\"@context\":\"https:\/\/schema.org\",\"@graph\":[{\"@type\":\"WebPage\",\"@id\":\"https:\/\/tableaudhote.ca\/fr\/dons\/\",\"url\":\"https:\/\/tableaudhote.ca\/fr\/dons\/\",\"name\":\"Dons - Tableau D&#039;H\u00f4te Theatre\",\"isPartOf\":{\"@id\":\"https:\/\/tableaudhote.ca\/fr\/#website\"},\"datePublished\":\"2023-09-14T20:03:30+00:00\",\"dateModified\":\"2023-09-14T20:03:32+00:00\",\"breadcrumb\":{\"@id\":\"https:\/\/tableaudhote.ca\/fr\/dons\/#breadcrumb\"},\"inLanguage\":\"fr-FR\",\"potentialAction\":[{\"@type\":\"ReadAction\",\"target\":[\"https:\/\/tableaudhote.ca\/fr\/dons\/\"]}]},{\"@type\":\"BreadcrumbList\",\"@id\":\"https:\/\/tableaudhote.ca\/fr\/dons\/#breadcrumb\",\"itemListElement\":[{\"@type\":\"ListItem\",\"position\":1,\"name\":\"Home\",\"item\":\"https:\/\/tableaudhote.ca\/fr\/\"},{\"@type\":\"ListItem\",\"position\":2,\"name\":\"Dons\"}]},{\"@type\":\"WebSite\",\"@id\":\"https:\/\/tableaudhote.ca\/fr\/#website\",\"url\":\"https:\/\/tableaudhote.ca\/fr\/\",\"name\":\"Tableau D&#039;H\u00f4te Theatre\",\"description\":\"Montr\u00e9al&#039;s home for Canadian theatre\",\"publisher\":{\"@id\":\"https:\/\/tableaudhote.ca\/fr\/#organization\"},\"potentialAction\":[{\"@type\":\"SearchAction\",\"target\":{\"@type\":\"EntryPoint\",\"urlTemplate\":\"https:\/\/tableaudhote.ca\/fr\/?s={search_term_string}\"},\"query-input\":{\"@type\":\"PropertyValueSpecification\",\"valueRequired\":true,\"valueName\":\"search_term_string\"}}],\"inLanguage\":\"fr-FR\"},{\"@type\":\"Organization\",\"@id\":\"https:\/\/tableaudhote.ca\/fr\/#organization\",\"name\":\"Tableau D&#039;H\u00f4te Theatre\",\"url\":\"https:\/\/tableaudhote.ca\/fr\/\",\"logo\":{\"@type\":\"ImageObject\",\"inLanguage\":\"fr-FR\",\"@id\":\"https:\/\/tableaudhote.ca\/fr\/#\/schema\/logo\/image\/\",\"url\":\"https:\/\/tableaudhote.ca\/wp-content\/uploads\/2018\/05\/TDHT_logo-blk.png\",\"contentUrl\":\"https:\/\/tableaudhote.ca\/wp-content\/uploads\/2018\/05\/TDHT_logo-blk.png\",\"width\":1152,\"height\":1152,\"caption\":\"Tableau D&#039;H\u00f4te Theatre\"},\"image\":{\"@id\":\"https:\/\/tableaudhote.ca\/fr\/#\/schema\/logo\/image\/\"}}]}<\/script>\n<!-- \/ Yoast SEO plugin. -->","yoast_head_json":{"title":"Dons - Tableau D&#039;H\u00f4te Theatre","robots":{"index":"index","follow":"follow","max-snippet":"max-snippet:-1","max-image-preview":"max-image-preview:large","max-video-preview":"max-video-preview:-1"},"canonical":"https:\/\/tableaudhote.ca\/fr\/dons\/","og_locale":"fr_FR","og_type":"article","og_title":"10 x 10 | Appuyez le Th\u00e9\u00e2tre Tableau D'H\u00f4te","og_description":"Aidez le Th\u00e9\u00e2tre Tableau D'H\u00f4te \u00e0 accomplir sa mission","og_url":"https:\/\/tableaudhote.ca\/fr\/dons\/","og_site_name":"Tableau D&#039;H\u00f4te Theatre","article_modified_time":"2023-09-14T20:03:32+00:00","twitter_card":"summary_large_image","twitter_misc":{"Dur\u00e9e de lecture estim\u00e9e":"5 minutes"},"schema":{"@context":"https:\/\/schema.org","@graph":[{"@type":"WebPage","@id":"https:\/\/tableaudhote.ca\/fr\/dons\/","url":"https:\/\/tableaudhote.ca\/fr\/dons\/","name":"Dons - Tableau D&#039;H\u00f4te Theatre","isPartOf":{"@id":"https:\/\/tableaudhote.ca\/fr\/#website"},"datePublished":"2023-09-14T20:03:30+00:00","dateModified":"2023-09-14T20:03:32+00:00","breadcrumb":{"@id":"https:\/\/tableaudhote.ca\/fr\/dons\/#breadcrumb"},"inLanguage":"fr-FR","potentialAction":[{"@type":"ReadAction","target":["https:\/\/tableaudhote.ca\/fr\/dons\/"]}]},{"@type":"BreadcrumbList","@id":"https:\/\/tableaudhote.ca\/fr\/dons\/#breadcrumb","itemListElement":[{"@type":"ListItem","position":1,"name":"Home","item":"https:\/\/tableaudhote.ca\/fr\/"},{"@type":"ListItem","position":2,"name":"Dons"}]},{"@type":"WebSite","@id":"https:\/\/tableaudhote.ca\/fr\/#website","url":"https:\/\/tableaudhote.ca\/fr\/","name":"Tableau D&#039;H\u00f4te Theatre","description":"Montr\u00e9al&#039;s home for Canadian theatre","publisher":{"@id":"https:\/\/tableaudhote.ca\/fr\/#organization"},"potentialAction":[{"@type":"SearchAction","target":{"@type":"EntryPoint","urlTemplate":"https:\/\/tableaudhote.ca\/fr\/?s={search_term_string}"},"query-input":{"@type":"PropertyValueSpecification","valueRequired":true,"valueName":"search_term_string"}}],"inLanguage":"fr-FR"},{"@type":"Organization","@id":"https:\/\/tableaudhote.ca\/fr\/#organization","name":"Tableau D&#039;H\u00f4te Theatre","url":"https:\/\/tableaudhote.ca\/fr\/","logo":{"@type":"ImageObject","inLanguage":"fr-FR","@id":"https:\/\/tableaudhote.ca\/fr\/#\/schema\/logo\/image\/","url":"https:\/\/tableaudhote.ca\/wp-content\/uploads\/2018\/05\/TDHT_logo-blk.png","contentUrl":"https:\/\/tableaudhote.ca\/wp-content\/uploads\/2018\/05\/TDHT_logo-blk.png","width":1152,"height":1152,"caption":"Tableau D&#039;H\u00f4te Theatre"},"image":{"@id":"https:\/\/tableaudhote.ca\/fr\/#\/schema\/logo\/image\/"}}]}},"_links":{"self":[{"href":"https:\/\/tableaudhote.ca\/fr\/wp-json\/wp\/v2\/pages\/10869","targetHints":{"allow":["GET"]}}],"collection":[{"href":"https:\/\/tableaudhote.ca\/fr\/wp-json\/wp\/v2\/pages"}],"about":[{"href":"https:\/\/tableaudhote.ca\/fr\/wp-json\/wp\/v2\/types\/page"}],"author":[{"embeddable":true,"href":"https:\/\/tableaudhote.ca\/fr\/wp-json\/wp\/v2\/users\/1"}],"replies":[{"embeddable":true,"href":"https:\/\/tableaudhote.ca\/fr\/wp-json\/wp\/v2\/comments?post=10869"}],"version-history":[{"count":2,"href":"https:\/\/tableaudhote.ca\/fr\/wp-json\/wp\/v2\/pages\/10869\/revisions"}],"predecessor-version":[{"id":10871,"href":"https:\/\/tableaudhote.ca\/fr\/wp-json\/wp\/v2\/pages\/10869\/revisions\/10871"}],"wp:attachment":[{"href":"https:\/\/tableaudhote.ca\/fr\/wp-json\/wp\/v2\/media?parent=10869"}],"curies":[{"name":"wp","href":"https:\/\/api.w.org\/{rel}","templated":true}]}}